{"id":21,"date":"2013-02-27T21:35:16","date_gmt":"2013-02-27T20:35:16","guid":{"rendered":"http:\/\/elkpsychoterapia.pl\/?page_id=21"},"modified":"2019-12-07T10:32:40","modified_gmt":"2019-12-07T09:32:40","slug":"cennik","status":"publish","type":"page","link":"https:\/\/elkpsychoterapia.pl\/?page_id=21","title":{"rendered":"Cennik"},"content":{"rendered":"<blockquote>\n<h2><\/h2>\n<\/blockquote>\n<p><strong>Agata Adamiak &#8211;\u00a0aktualnie, a\u017c do odwo\u0142ania, nie przyjmuje.<\/strong><\/p>\n<p>Konsultacja diagnostyczna ( 1 \u2013 3 spotkania wst\u0119pne) \u2013 50 min \u2013 90 z\u0142<\/p>\n<p>Psychoterapia indywidualna \u2013 50 min \u2013\u00a0 z\u0142<\/p>\n<p>Psychoterapia par i ma\u0142\u017ce\u0144stw \u2013 60 min \u2013 z\u0142<\/p>\n<p>&nbsp;<\/p>\n<p><strong>Bartosz \u015amieciuszewski &#8211; aktualnie, a\u017c do odwo\u0142ania, nie przyjmuje.<br \/>\n<\/strong><\/p>\n<p>Psychoterapia indywidualna \u2013 50 min \u2013<\/p>\n<p>Psychoterapia par i ma\u0142\u017ce\u0144stw &#8211; 80 min-<\/p>\n<p>&nbsp;<\/p>\n","protected":false},"excerpt":{"rendered":"<p>Agata Adamiak &#8211;\u00a0aktualnie, a\u017c do odwo\u0142ania, nie przyjmuje. Konsultacja diagnostyczna ( 1 \u2013 3 spotkania wst\u0119pne) \u2013 50 min \u2013 90 z\u0142 Psychoterapia indywidualna \u2013 50 min \u2013\u00a0 z\u0142 Psychoterapia par i ma\u0142\u017ce\u0144stw \u2013 60 min \u2013 z\u0142 &nbsp; Bartosz \u015amieciuszewski &#8211; aktualnie, a\u017c do odwo\u0142ania, nie przyjmuje. Psychoterapia indywidualna \u2013 50 min \u2013 Psychoterapia&#8230;<\/p>\n","protected":false},"author":1,"featured_media":0,"parent":0,"menu_order":6,"comment_status":"closed","ping_status":"open","template":"","meta":[],"_links":{"self":[{"href":"https:\/\/elkpsychoterapia.pl\/index.php?rest_route=\/wp\/v2\/pages\/21"}],"collection":[{"href":"https:\/\/elkpsychoterapia.pl\/index.php?rest_route=\/wp\/v2\/pages"}],"about":[{"href":"https:\/\/elkpsychoterapia.pl\/index.php?rest_route=\/wp\/v2\/types\/page"}],"author":[{"embeddable":true,"href":"https:\/\/elkpsychoterapia.pl\/index.php?rest_route=\/wp\/v2\/users\/1"}],"replies":[{"embeddable":true,"href":"https:\/\/elkpsychoterapia.pl\/index.php?rest_route=%2Fwp%2Fv2%2Fcomments&post=21"}],"version-history":[{"count":15,"href":"https:\/\/elkpsychoterapia.pl\/index.php?rest_route=\/wp\/v2\/pages\/21\/revisions"}],"predecessor-version":[{"id":230,"href":"https:\/\/elkpsychoterapia.pl\/index.php?rest_route=\/wp\/v2\/pages\/21\/revisions\/230"}],"wp:attachment":[{"href":"https:\/\/elkpsychoterapia.pl\/index.php?rest_route=%2Fwp%2Fv2%2Fmedia&parent=21"}],"curies":[{"name":"wp","href":"https:\/\/api.w.org\/{rel}","templated":true}]}}