{"id":19,"date":"2013-02-27T21:34:45","date_gmt":"2013-02-27T20:34:45","guid":{"rendered":"http:\/\/elkpsychoterapia.pl\/?page_id=19"},"modified":"2019-02-08T12:53:28","modified_gmt":"2019-02-08T11:53:28","slug":"zespol","status":"publish","type":"page","link":"https:\/\/elkpsychoterapia.pl\/?page_id=19","title":{"rendered":"Zesp\u00f3\u0142"},"content":{"rendered":"<p style=\"text-align: justify;\"><strong>Agata Adamiak<\/strong> \u2013 psycholog, psychoterapeutka. Cz\u0142onek Polskiego Towarzystwa Psychologicznego. Absolwentka studi\u00f3w psychologicznych na Uniwersytecie Wroc\u0142awskim (specjalizacja: psychologia kliniczna). Uko\u0144czy\u0142a 4 &#8211; letni\u0105 Szko\u0142\u0119 Pomocy Psychologicznej w O\u015brodku Edukacji Psychologicznej we Wroc\u0142awiu przygotowuj\u0105c\u0105 do niesienia profesjonalnej pomocy psychologicznej i psychoterapeutycznej. Uczestniczy\u0142a w wielu szkoleniach i treningach rozwojowo \u2013 terapeutycznych prowadzonych w konwencji psychoterapii Gestalt, psychoterapii systemowej, psychoterapii poznawczo \u2013 behawioralnej. Stale doskonali si\u0119 oraz poszerza sw\u00f3j warsztat pracy.<\/p>\n<p style=\"text-align: justify;\">Maj\u0105c na uwadze standardy etyczne pracuje pod sta\u0142\u0105 opiek\u0105 superwizyjn\u0105, prowadzon\u0105 przez certyfikowanych superwizor\u00f3w Polskiego Towarzystwa Psychologicznego. W swojej praktyce stosuje si\u0119 do zasad Kodeksu Etyczno-Zawodowego Psychologa, a tak\u017ce Kodeksu Etycznego Psychoterapeuty.<\/p>\n<p style=\"text-align: justify;\">W pracy terapeutycznej integruje podej\u015bcie psychoterapii Gestalt (opartej na do\u015bwiadczaniu) z innymi szko\u0142ami psychoterapii (terapia psychodynamiczna, terapia systemowa, terapia poznawczo &#8211; behawioralna). Korzysta tak\u017ce z terapii ACT (Terapia Akceptacji i Zaanga\u017cowania).<\/p>\n<p style=\"text-align: justify;\">Posiada bogate i wszechstronne do\u015bwiadczenie w pracy psychologicznej i klinicznej. Jako psycholog i psychoterapeuta pracowa\u0142a m.in.: w oddziale leczenia uzale\u017cnie\u0144 w Starych Juchach, w dziennym oddziale psychiatrycznym w E\u0142ku, w poradni zdrowia psychicznego w E\u0142ku. Prowadzi\u0142a tam m.in: psychoterapi\u0119 grupow\u0105 i indywidualn\u0105, warsztaty psychoedukacyjne, dokonywa\u0142a diagnozy psychologicznej.<\/p>\n<p style=\"text-align: justify;\">Aktualne zajmuje si\u0119 psychoterapi\u0105 indywidualn\u0105 os\u00f3b doros\u0142ych, prowadzi warsztaty i szkolenia rozwijaj\u0105ce umiej\u0119tno\u015bci psychospo\u0142eczne oraz pracuje z dzie\u0107mi i m\u0142odzie\u017c\u0105<\/p>\n<p><strong>Bartosz \u015amieciuszewski<\/strong> \u2013 psycholog, psychoterapeuta. Pracuje od 2002 roku. Uko\u0144czy\u0142 Wydzia\u0142 Psychologii Uniwersytetu Warszawskiego oraz szkolenie w terapii poznawczo &#8211; behawioralnej prowadzone przez Centrum Terapii Poznawczo-Behawioralnej i Oxford Cognitive Therapy Centre.\u00a0 Psychoterapeuta\u00a0 <a href=\"http:\/\/www.pttpb.pl\/licencjonowani-terapeuci\/801-mieciuszewski-bartosz\" target=\"_blank\" rel=\"noopener noreferrer\">certyfikowany<\/a> przez Polskie Towarzystwo Terapii Poznawczo-Behawioralnej. Terapeuta Terapii Motywuj\u0105cej\u00a0 certyfikowany przez Polskie Towarzystwo Terapii Motywuj\u0105cej.\u00a0 Jest tak\u017ce cz\u0142onkiem <a href=\"https:\/\/contextualscience.org\/\" target=\"_blank\" rel=\"noopener noreferrer\">Association for Contextual Behavioral Science<\/a>.\u00a0 Prowadzi g\u0142\u00f3wnie kr\u00f3tkoterminow\u0105 i \u015brednioterminow\u0105\u00a0 terapi\u0119 indywidualn\u0105 dla os\u00f3b doros\u0142ych,\u00a0 m\u0142odzie\u017cy i par. W pracy stosuje g\u0142\u00f3wnie terapi\u0119 <a href=\"https:\/\/pl.wikipedia.org\/wiki\/Terapia_akceptacji_i_zaanga%C5%BCowania\" target=\"_blank\" rel=\"noopener noreferrer\">ACT<\/a>. Regularnie superwizuje swoj\u0105 prac\u0119.\u00a0 W pracy przestrzega zasad kodeksu etyki PTTPB. Bierze udzia\u0142 w mi\u0119dzynarodowych konferencjach, warsztatach i kursach.\u00a0 Mi\u0119dzy innymi szkoli\u0142 si\u0119 u : \u00a0Dr Russ Harris, Kelly G. Wilson Ph.D., \u00a0Robyn D. Walser Ph.D, \u00a0Kirk D. Strosahl Ph.D, Rikke Kjelgaard, \u00a0Jonathan W. Kanter \u00a0Ph.D.<\/p>\n<p style=\"text-align: justify;\"><strong>ACT<\/strong> (Acceptance and Commitment Therapy) czyli <strong>Terapia Akceptacji i Zaanga\u017cowania<\/strong> to jedno z podej\u015b\u0107 nale\u017c\u0105cych do tzw. \u201etrzeciej fali\u201d terapii poznawczo-behawioralnych, ostatnio zyskuj\u0105cych coraz wi\u0119ksze potwierdzenie w badaniach naukowych oraz rosn\u0105ce zainteresowanie klinicyst\u00f3w na ca\u0142ym \u015bwiecie. ACT jest terapi\u0105 zatwierdzon\u0105 przez Ameryka\u0144skie Towarzystwo Psychologiczne\u00a0<a href=\"https:\/\/www.div12.org\/psychological-treatments\/treatments\/\" target=\"_blank\" rel=\"noopener noreferrer\">(APA)<\/a> w obszarze przewlek\u0142ego b\u00f3lu, depresji, mieszanych zaburze\u0144 l\u0119kowych, zaburzenia obsesyjno-kompulsywnego i psychoz. ACT ma tak\u017ce swoje udokumentowane dzia\u0142anie w takich obszarach jak : zapewnienie wy\u017cszej wydajno\u015bci w pracy i lepsze samopoczucie w niej, zmniejszenie prze\u017cywanego stresu, zwi\u0119kszenie kontroli nad w\u0142asnym dzia\u0142aniem i kreatywno\u015b\u0107 w radzeniu sobie z trudno\u015bciami, podwy\u017cszenie wydajno\u015bci sportowc\u00f3w, ochrona przed wypaleniem zawodowym i emocjonalnym wycie\u0144czeniem.<\/p>\n","protected":false},"excerpt":{"rendered":"<p>Agata Adamiak \u2013 psycholog, psychoterapeutka. Cz\u0142onek Polskiego Towarzystwa Psychologicznego. Absolwentka studi\u00f3w psychologicznych na Uniwersytecie Wroc\u0142awskim (specjalizacja: psychologia kliniczna). Uko\u0144czy\u0142a 4 &#8211; letni\u0105 Szko\u0142\u0119 Pomocy Psychologicznej w O\u015brodku Edukacji Psychologicznej we Wroc\u0142awiu przygotowuj\u0105c\u0105 do niesienia profesjonalnej pomocy psychologicznej i psychoterapeutycznej. Uczestniczy\u0142a w wielu szkoleniach i treningach rozwojowo \u2013 terapeutycznych prowadzonych w konwencji psychoterapii Gestalt, psychoterapii systemowej,&#8230;<\/p>\n","protected":false},"author":1,"featured_media":0,"parent":0,"menu_order":5,"comment_status":"closed","ping_status":"open","template":"","meta":[],"_links":{"self":[{"href":"https:\/\/elkpsychoterapia.pl\/index.php?rest_route=\/wp\/v2\/pages\/19"}],"collection":[{"href":"https:\/\/elkpsychoterapia.pl\/index.php?rest_route=\/wp\/v2\/pages"}],"about":[{"href":"https:\/\/elkpsychoterapia.pl\/index.php?rest_route=\/wp\/v2\/types\/page"}],"author":[{"embeddable":true,"href":"https:\/\/elkpsychoterapia.pl\/index.php?rest_route=\/wp\/v2\/users\/1"}],"replies":[{"embeddable":true,"href":"https:\/\/elkpsychoterapia.pl\/index.php?rest_route=%2Fwp%2Fv2%2Fcomments&post=19"}],"version-history":[{"count":36,"href":"https:\/\/elkpsychoterapia.pl\/index.php?rest_route=\/wp\/v2\/pages\/19\/revisions"}],"predecessor-version":[{"id":218,"href":"https:\/\/elkpsychoterapia.pl\/index.php?rest_route=\/wp\/v2\/pages\/19\/revisions\/218"}],"wp:attachment":[{"href":"https:\/\/elkpsychoterapia.pl\/index.php?rest_route=%2Fwp%2Fv2%2Fmedia&parent=19"}],"curies":[{"name":"wp","href":"https:\/\/api.w.org\/{rel}","templated":true}]}}