{"id":15,"date":"2013-02-27T21:33:31","date_gmt":"2013-02-27T20:33:31","guid":{"rendered":"http:\/\/elkpsychoterapia.pl\/?page_id=15"},"modified":"2019-02-08T12:52:03","modified_gmt":"2019-02-08T11:52:03","slug":"oferta","status":"publish","type":"page","link":"https:\/\/elkpsychoterapia.pl\/?page_id=15","title":{"rendered":"Oferta"},"content":{"rendered":"<p>&nbsp;<\/p>\n<p><strong><img decoding=\"async\" loading=\"lazy\" class=\"aligncenter wp-image-102 size-full\" src=\"http:\/\/elkpsychoterapia.pl\/wp-content\/uploads\/2013\/02\/psych-v.2.jpg\" alt=\"psych v.2\" width=\"562\" height=\"375\" srcset=\"https:\/\/elkpsychoterapia.pl\/wp-content\/uploads\/2013\/02\/psych-v.2.jpg 562w, https:\/\/elkpsychoterapia.pl\/wp-content\/uploads\/2013\/02\/psych-v.2-300x200.jpg 300w\" sizes=\"(max-width: 562px) 100vw, 562px\" \/><\/strong><\/p>\n<p><strong>Mo\u017ce zadajesz sobie pytania takie jak:<\/strong><\/p>\n<p><em>Kto korzysta z pomocy psychologa? Czy terapia jest dla mnie?<\/em><\/p>\n<p style=\"text-align: justify;\">Pojawiaj\u0105 si\u0119 takie momenty w \u017cyciu, kiedy cz\u0142owiek przestaje sobie radzi\u0107, pr\u00f3by, kt\u00f3re podejmuje, \u017ceby rozwi\u0105za\u0107 problem czy wyj\u015b\u0107 z trudnej sytuacji, nie przynosz\u0105 efekt\u00f3w albo s\u0105 to nie takie efekty, jakich si\u0119 spodziewa. Wtedy warto jest z kim\u015b porozmawia\u0107. Najpierw mo\u017cna porozmawia\u0107 z blisk\u0105 osob\u0105. Je\u015bli to nie zadzia\u0142a \u2013 mo\u017cna porozmawia\u0107 z psychologiem lub terapeut\u0105 i wsp\u00f3lnie zdecydowa\u0107, czy terapia jest potrzebna czy nie.<\/p>\n<p style=\"text-align: justify;\">Bez wzgl\u0119du na to kim jeste\u015b, co robisz, czy masz problem i jaki on jest, czy wszystko uk\u0142ada si\u0119 \u015bwietnie i chcesz popracowa\u0107 nad swoim wewn\u0119trznym rozwojem &#8211; najwa\u017cniejszy jest fakt, \u017ce <strong>chcesz co\u015b zmieni\u0107<\/strong>.<\/p>\n<p><strong>Je\u015bli otworzy\u0142e\u015b t\u0105 stron\u0119 zrobi\u0142e\u015b ju\u017c pierwszy krok, aby poradzi\u0107 sobie z trudn\u0105 sytuacj\u0105 \u017cyciow\u0105 lub po prostu lepiej pozna\u0107 samego siebie.<\/strong><\/p>\n<p><strong>Mo\u017cesz zrobi\u0107 kolejny krok i przyj\u015b\u0107 na spotkanie.<\/strong><\/p>\n<p>Pierwsza wizyta w gabinecie ma charakter konsultacji. S\u0142u\u017cy okre\u015bleniu powodu zg\u0142oszenia, zapotrzebowania oraz oczekiwanych cel\u00f3w. Spotkanie i rozmowa z terapeut\u0105 pomo\u017ce rozstrzygn\u0105\u0107 ewentualny dylemat: \u201eczy potrzebuj\u0119 pomocy psychologa czy nie?\u201d<\/p>\n<p>Zazwyczaj odbywa si\u0119 1 \u2013 3 spotka\u0144 konsultacyjno \u2013 diagnostycznych.<\/p>\n<p style=\"text-align: justify;\"><strong>Rozpocz\u0119cie psychoterapii jest decyzj\u0105 obu stron. Psychoterapeuta podejmuje j\u0105 g\u0142\u00f3wnie w oparciu o to, czy jest w stanie udzieli\u0107 oczekiwanej przez pacjenta pomocy psychologicznej. Klient decyduje czy w jego odbiorze terapeuta jest odpowiedni\u0105 osob\u0105 do tak wa\u017cnej dla niego pracy. Je\u017celi konsultacja ma by\u0107 wst\u0119pem do psychoterapii, to okre\u015bla si\u0119 cele terapii oraz jej zasady.<\/strong><\/p>\n","protected":false},"excerpt":{"rendered":"<p>&nbsp; Mo\u017ce zadajesz sobie pytania takie jak: Kto korzysta z pomocy psychologa? Czy terapia jest dla mnie? Pojawiaj\u0105 si\u0119 takie momenty w \u017cyciu, kiedy cz\u0142owiek przestaje sobie radzi\u0107, pr\u00f3by, kt\u00f3re podejmuje, \u017ceby rozwi\u0105za\u0107 problem czy wyj\u015b\u0107 z trudnej sytuacji, nie przynosz\u0105 efekt\u00f3w albo s\u0105 to nie takie efekty, jakich si\u0119 spodziewa. Wtedy warto jest z&#8230;<\/p>\n","protected":false},"author":1,"featured_media":0,"parent":0,"menu_order":2,"comment_status":"closed","ping_status":"open","template":"","meta":[],"_links":{"self":[{"href":"https:\/\/elkpsychoterapia.pl\/index.php?rest_route=\/wp\/v2\/pages\/15"}],"collection":[{"href":"https:\/\/elkpsychoterapia.pl\/index.php?rest_route=\/wp\/v2\/pages"}],"about":[{"href":"https:\/\/elkpsychoterapia.pl\/index.php?rest_route=\/wp\/v2\/types\/page"}],"author":[{"embeddable":true,"href":"https:\/\/elkpsychoterapia.pl\/index.php?rest_route=\/wp\/v2\/users\/1"}],"replies":[{"embeddable":true,"href":"https:\/\/elkpsychoterapia.pl\/index.php?rest_route=%2Fwp%2Fv2%2Fcomments&post=15"}],"version-history":[{"count":21,"href":"https:\/\/elkpsychoterapia.pl\/index.php?rest_route=\/wp\/v2\/pages\/15\/revisions"}],"predecessor-version":[{"id":215,"href":"https:\/\/elkpsychoterapia.pl\/index.php?rest_route=\/wp\/v2\/pages\/15\/revisions\/215"}],"wp:attachment":[{"href":"https:\/\/elkpsychoterapia.pl\/index.php?rest_route=%2Fwp%2Fv2%2Fmedia&parent=15"}],"curies":[{"name":"wp","href":"https:\/\/api.w.org\/{rel}","templated":true}]}}